{"id":239145,"date":"2024-06-06T16:10:38","date_gmt":"2024-06-06T20:10:38","guid":{"rendered":"https:\/\/sintesis.wpenginepowered.com\/?page_id=239145"},"modified":"2024-10-23T13:56:57","modified_gmt":"2024-10-23T17:56:57","slug":"planes-de-suscripcion-particulares","status":"publish","type":"page","link":"https:\/\/sintesisfinanciera.com\/es\/planes-de-suscripcion-particulares\/","title":{"rendered":"Planes de suscripci\u00f3n - Particulares"},"content":{"rendered":"<p>[et_pb_section fb_built=&#8221;1&#8243; admin_label=&#8221;Section- Hero&#8221; _builder_version=&#8221;4.23&#8243; _module_preset=&#8221;default&#8221; background_color=&#8221;rgba(108,117,125,0.44)&#8221; background_image=&#8221;https:\/\/sintesis.wpenginepowered.com\/wp-content\/uploads\/2023\/10\/SampleReports_BG.png&#8221; background_blend=&#8221;screen&#8221; locked=&#8221;off&#8221; global_colors_info=&#8221;{}&#8221;][et_pb_row _builder_version=&#8221;4.23.1&#8243; _module_preset=&#8221;default&#8221; max_width=&#8221;1280px&#8221; custom_padding=&#8221;|40px||40px|false|false&#8221; global_colors_info=&#8221;{}&#8221;][et_pb_column type=&#8221;4_4&#8243; _builder_version=&#8221;4.23&#8243; _module_preset=&#8221;default&#8221; global_colors_info=&#8221;{}&#8221;][et_pb_text _builder_version=&#8221;4.25.1&#8243; _module_preset=&#8221;default&#8221; header_font=&#8221;Roboto Condensed|700|||||||&#8221; header_text_color=&#8221;#FFFFFF&#8221; header_font_size=&#8221;50px&#8221; global_colors_info=&#8221;{}&#8221;]<\/p>\n<h1>Subscription Plans &#8211; Individuals<\/h1>\n<p>[\/et_pb_text][\/et_pb_column][\/et_pb_row][\/et_pb_section][et_pb_section fb_built=&#8221;1&#8243; _builder_version=&#8221;4.23.1&#8243; _module_preset=&#8221;default&#8221; custom_margin=&#8221;||-20px||false|false&#8221; custom_margin_tablet=&#8221;||-20px||false|false&#8221; custom_margin_phone=&#8221;||-20px||false|false&#8221; custom_margin_last_edited=&#8221;on|desktop&#8221; custom_padding=&#8221;||0px||false|false&#8221; global_colors_info=&#8221;{}&#8221;][et_pb_row custom_padding_last_edited=&#8221;on|phone&#8221; _builder_version=&#8221;4.23.1&#8243; _module_preset=&#8221;default&#8221; background_color=&#8221;#FFFFFF&#8221; transform_scale_tablet=&#8221;&#8221; transform_scale_phone=&#8221;&#8221; transform_scale_last_edited=&#8221;on|tablet&#8221; transform_translate=&#8221;0px|-80px&#8221; transform_translate_tablet=&#8221;0px|-60px&#8221; transform_translate_phone=&#8221;0px|-75px&#8221; transform_translate_last_edited=&#8221;on|phone&#8221; transform_translate_linked=&#8221;off&#8221; transform_rotate_tablet=&#8221;&#8221; transform_rotate_phone=&#8221;&#8221; transform_rotate_last_edited=&#8221;on|tablet&#8221; transform_skew_tablet=&#8221;&#8221; transform_skew_phone=&#8221;&#8221; transform_skew_last_edited=&#8221;on|tablet&#8221; transform_origin_tablet=&#8221;&#8221; transform_origin_phone=&#8221;&#8221; transform_origin_last_edited=&#8221;on|tablet&#8221; transform_styles_last_edited=&#8221;on|phone&#8221; width=&#8221;100%&#8221; max_width=&#8221;1280px&#8221; custom_margin=&#8221;||0px||false|false&#8221; custom_padding=&#8221;0.8rem||0px||false|false&#8221; custom_padding_tablet=&#8221;0.8rem||0px||false|false&#8221; custom_padding_phone=&#8221;0.8rem||0px||false|false&#8221; transform_styles_tablet=&#8221;&#8221; transform_styles_phone=&#8221;&#8221; box_shadow_style=&#8221;preset1&#8243; box_shadow_blur=&#8221;6px&#8221; global_colors_info=&#8221;{}&#8221;][et_pb_column type=&#8221;4_4&#8243; _builder_version=&#8221;4.23.1&#8243; _module_preset=&#8221;default&#8221; custom_padding=&#8221;|3.8%||3.8%|false|true&#8221; global_colors_info=&#8221;{}&#8221;][et_pb_text admin_label=&#8221;breadcrumb&#8221; _builder_version=&#8221;4.23.1&#8243; _module_preset=&#8221;default&#8221; text_font=&#8221;Roboto||||||||&#8221; text_font_size=&#8221;16px&#8221; custom_margin=&#8221;0px||0px||false|false&#8221; custom_padding=&#8221;20px||0rem||false|false&#8221; custom_css_main_element=&#8221;grid-column: 1\/4;||grid-row: 1\/2;&#8221; global_colors_info=&#8221;{}&#8221;]<\/p>\n<p><span><span><span><a href=\"https:\/\/sintesisfinanciera.com\/es\/\">Home<\/a><\/span><\/span>\u00a0<\/span><\/p>\n<p>[\/et_pb_text][et_pb_divider color=&#8221;#ebebeb&#8221; divider_position=&#8221;center&#8221; _builder_version=&#8221;4.23&#8243; _module_preset=&#8221;default&#8221; custom_margin=&#8221;||2rem||false|false&#8221; global_colors_info=&#8221;{}&#8221;][\/et_pb_divider][\/et_pb_column][\/et_pb_row][et_pb_row make_equal=&#8221;on&#8221; module_class=&#8221;team-box&#8221; _builder_version=&#8221;4.25.1&#8243; _module_preset=&#8221;default&#8221; background_color=&#8221;#FFFFFF&#8221; transform_scale_tablet=&#8221;&#8221; transform_scale_phone=&#8221;&#8221; transform_scale_last_edited=&#8221;on|tablet&#8221; transform_scale_linked=&#8221;off&#8221; transform_translate=&#8221;0px|-82px&#8221; transform_translate_tablet=&#8221;0px|-60px&#8221; transform_translate_phone=&#8221;0px|-76px&#8221; transform_translate_last_edited=&#8221;on|phone&#8221; transform_translate_linked=&#8221;off&#8221; transform_rotate_tablet=&#8221;&#8221; transform_rotate_phone=&#8221;&#8221; transform_rotate_last_edited=&#8221;on|tablet&#8221; transform_skew_tablet=&#8221;&#8221; transform_skew_phone=&#8221;&#8221; transform_skew_last_edited=&#8221;on|tablet&#8221; transform_origin_tablet=&#8221;&#8221; transform_origin_phone=&#8221;&#8221; transform_origin_last_edited=&#8221;on|tablet&#8221; transform_styles_last_edited=&#8221;on|phone&#8221; width=&#8221;100%&#8221; max_width=&#8221;1280px&#8221; custom_margin=&#8221;0px||||false|false&#8221; custom_padding=&#8221;0px|5%|40px|5%|false|true&#8221; transform_styles_tablet=&#8221;&#8221; transform_styles_phone=&#8221;&#8221; box_shadow_style=&#8221;preset1&#8243; box_shadow_blur=&#8221;6px&#8221; global_colors_info=&#8221;{}&#8221;][et_pb_column type=&#8221;4_4&#8243; _builder_version=&#8221;4.23.1&#8243; _dynamic_attributes=&#8221;link_option_url&#8221; _module_preset=&#8221;default&#8221; custom_padding_tablet=&#8221;5%||||false|false&#8221; custom_padding_phone=&#8221;5%||||false|false&#8221; custom_padding_last_edited=&#8221;on|tablet&#8221; link_option_url=&#8221;@ET-DC@eyJkeW5hbWljIjp0cnVlLCJjb250ZW50IjoicG9zdF9saW5rX3VybF9wYWdlIiwic2V0dGluZ3MiOnsicG9zdF9pZCI6IjIzODYyMyJ9fQ==@&#8221; custom_css_main_element=&#8221;display: flex;||flex-direction: column;||justify-content: flex-end;&#8221; global_colors_info=&#8221;{}&#8221; custom_css_main_element_last_edited=&#8221;on|phone&#8221; custom_css_main_element_tablet=&#8221;display: flex;||flex-direction: column;||justify-content: flex-end;&#8221; custom_css_main_element_phone=&#8221;display: flex;||flex-direction: column;||justify-content: flex-end;&#8221;][et_pb_blurb title=&#8221;Professional Plan&#8221; use_icon=&#8221;on&#8221; font_icon=&#8221;&#xf5a2;||fa||900&#8243; icon_color=&#8221;#f06724&#8243; icon_placement=&#8221;left&#8221; image_icon_width=&#8221;70px&#8221; _builder_version=&#8221;4.26.0&#8243; _module_preset=&#8221;default&#8221; header_level=&#8221;h3&#8243; header_font=&#8221;Roboto Condensed|700|||||||&#8221; header_text_align=&#8221;center&#8221; header_text_color=&#8221;#FFFFFF&#8221; header_font_size=&#8221;30px&#8221; body_font=&#8221;Roboto|700|||||||&#8221; body_text_align=&#8221;center&#8221; body_text_color=&#8221;#f06724&#8243; background_color=&#8221;#262626&#8243; custom_padding=&#8221;7rem|0rem|4rem|0rem|false|true&#8221; link_option_url=&#8221;\/subscription-plans\/pro-plan\/&#8221; border_width_all=&#8221;3px&#8221; border_color_all=&#8221;#262626&#8243; global_colors_info=&#8221;{}&#8221; border_color_all__hover_enabled=&#8221;on|desktop&#8221; border_color_all__hover=&#8221;#F06724&#8243; transform_scale__hover=&#8221;102%|102%&#8221; transform_scale__hover_enabled=&#8221;on|hover&#8221; transform_styles__hover_enabled=&#8221;on|hover&#8221; transform_translate__hover_enabled=&#8221;on|desktop&#8221; transform_rotate__hover_enabled=&#8221;on|desktop&#8221; transform_skew__hover_enabled=&#8221;on|desktop&#8221; transform_origin__hover_enabled=&#8221;on|desktop&#8221; border_width_all__hover_enabled=&#8221;on|hover&#8221; border_width_all__hover=&#8221;3px&#8221; custom_css_main_element__hover_enabled=&#8221;on|hover&#8221; custom_css_main_element__hover=&#8221;cursor: pointer!important;&#8221;]<\/p>\n<p>Includes:<\/p>\n<p>The week ahead (Weekly)<br \/>Inflational &amp; Exchange Rate (Monthly)<br \/>Tactical Alerts via WhatApp<br \/>Monthly Update Webinar<br \/>Making Sense of It All &#8211; Webinar (Quarterly)<\/p>\n<p>LEARN MORE<\/p>\n<p>[\/et_pb_blurb][\/et_pb_column][\/et_pb_row][\/et_pb_section][et_pb_section fb_built=&#8221;1&#8243; admin_label=&#8221;team Grid section &#8221; _builder_version=&#8221;4.23&#8243; _module_preset=&#8221;default&#8221; background_color=&#8221;#FFFFFF&#8221; transform_scale_tablet=&#8221;&#8221; transform_scale_phone=&#8221;&#8221; transform_scale_last_edited=&#8221;on|desktop&#8221; transform_translate_tablet=&#8221;0px|0px&#8221; transform_translate_phone=&#8221;0px|0px&#8221; transform_translate_last_edited=&#8221;on|tablet&#8221; transform_translate_linked=&#8221;off&#8221; transform_rotate_tablet=&#8221;&#8221; transform_rotate_phone=&#8221;&#8221; transform_rotate_last_edited=&#8221;on|desktop&#8221; transform_skew_tablet=&#8221;&#8221; transform_skew_phone=&#8221;&#8221; transform_skew_last_edited=&#8221;on|desktop&#8221; transform_origin_tablet=&#8221;&#8221; transform_origin_phone=&#8221;&#8221; transform_origin_last_edited=&#8221;on|desktop&#8221; transform_styles_last_edited=&#8221;on|tablet&#8221; custom_margin=&#8221;||||false|false&#8221; custom_padding=&#8221;0px||||false|false&#8221; transform_styles_tablet=&#8221;&#8221; transform_styles_phone=&#8221;&#8221; global_colors_info=&#8221;{}&#8221;][et_pb_row column_structure=&#8221;1_4,1_4,1_4,1_4&#8243; use_custom_gutter=&#8221;on&#8221; gutter_width=&#8221;2&#8243; make_equal=&#8221;on&#8221; _builder_version=&#8221;4.23.1&#8243; _module_preset=&#8221;default&#8221; width=&#8221;70%&#8221; module_alignment=&#8221;center&#8221; custom_margin=&#8221;||3rem||false|false&#8221; custom_padding=&#8221;0px||||false|false&#8221; custom_css_main_element=&#8221;display: flex;||align-items: center!important;||justify-content: center;&#8221; global_colors_info=&#8221;{}&#8221; custom_css_main_element_last_edited=&#8221;on|desktop&#8221; custom_css_main_element_tablet=&#8221;display: flex;||align-items: center!important;||justify-content: center;&#8221; custom_css_main_element_phone=&#8221;display: flex;||align-items: center!important;||justify-content: center;&#8221;][et_pb_column type=&#8221;1_4&#8243; _builder_version=&#8221;4.22.2&#8243; _module_preset=&#8221;default&#8221; custom_css_main_element=&#8221;width: 30%!important;&#8221; global_colors_info=&#8221;{}&#8221; custom_css_main_element_last_edited=&#8221;on|desktop&#8221; custom_css_main_element_tablet=&#8221;width: 100%!important;&#8221; custom_css_main_element_phone=&#8221;width: 100%!important;&#8221;][et_pb_text _builder_version=&#8221;4.22.2&#8243; _module_preset=&#8221;default&#8221; header_2_font=&#8221;Roboto Condensed|700|||||||&#8221; header_2_text_color=&#8221;#000000&#8243; header_2_font_size=&#8221;32px&#8221; custom_margin=&#8221;|4rem|0px||false|false&#8221; header_2_font_size_tablet=&#8221;32px&#8221; header_2_font_size_phone=&#8221;32px&#8221; header_2_font_size_last_edited=&#8221;on|phone&#8221; global_colors_info=&#8221;{}&#8221;]<\/p>\n<h2>Our Community:<\/h2>\n<p>[\/et_pb_text][\/et_pb_column][et_pb_column type=&#8221;1_4&#8243; module_class=&#8221;phc-community-first-logo&#8221; _builder_version=&#8221;4.22.2&#8243; _module_preset=&#8221;default&#8221; custom_css_main_element=&#8221;width: 23%!important;||border-right: 1px solid #ededed;&#8221; border_width_right=&#8221;0px&#8221; border_color_right=&#8221;#dedede&#8221; global_colors_info=&#8221;{}&#8221; custom_css_main_element_last_edited=&#8221;on|phone&#8221; custom_css_main_element_tablet=&#8221;width: 30%!important;||margin-right: 2%!important;||border-right: none!important;||display: flex;||align-items: flex-end!important;&#8221; custom_css_main_element_phone=&#8221;width: 100%!important;||border-bottom: 1px solid #ededed;&#8221;][et_pb_image src=&#8221;https:\/\/sintesis.wpenginepowered.com\/wp-content\/uploads\/2023\/10\/venam-300&#215;78.png&#8221; title_text=&#8221;venam&#8221; show_bottom_space=&#8221;off&#8221; module_class=&#8221;comm-logo1&#8243; _builder_version=&#8221;4.23.1&#8243; _module_preset=&#8221;default&#8221; width=&#8221;80%&#8221; custom_margin=&#8221;||0px||false|false&#8221; custom_margin_tablet=&#8221;||0px||false|false&#8221; custom_margin_phone=&#8221;||0px||false|false&#8221; custom_margin_last_edited=&#8221;on|desktop&#8221; custom_padding_tablet=&#8221;&#8221; custom_padding_phone=&#8221;||1.5rem||false|false&#8221; custom_padding_last_edited=&#8221;on|phone&#8221; global_colors_info=&#8221;{}&#8221; filter_opacity__hover_enabled=&#8221;off|desktop&#8221; filter_opacity__hover=&#8221;100%&#8221; custom_css_main_element_last_edited=&#8221;on|tablet&#8221;][\/et_pb_image][\/et_pb_column][et_pb_column type=&#8221;1_4&#8243; _builder_version=&#8221;4.22.2&#8243; _module_preset=&#8221;default&#8221; custom_css_main_element=&#8221;width: 23%!important;||border-right: 1px solid #ededed;&#8221; border_color_right=&#8221;#dedede&#8221; global_colors_info=&#8221;{}&#8221; custom_css_main_element_last_edited=&#8221;on|tablet&#8221; custom_css_main_element_tablet=&#8221;width: 30%!important;||margin-left: 2%!important;||margin-right: 2%!important;||border-right: none!important;||display: flex;||align-content: flex-end!important;&#8221; custom_css_main_element_phone=&#8221;width: 100%!important;||border-bottom: 1px solid #ededed&#8221;][et_pb_image src=&#8221;https:\/\/sintesis.wpenginepowered.com\/wp-content\/uploads\/2023\/10\/global-source-300&#215;75.png&#8221; title_text=&#8221;global-source&#8221; show_bottom_space=&#8221;off&#8221; _builder_version=&#8221;4.23.1&#8243; _module_preset=&#8221;default&#8221; width=&#8221;80%&#8221; custom_padding_tablet=&#8221;&#8221; custom_padding_phone=&#8221;||1.5rem||false|false&#8221; custom_padding_last_edited=&#8221;on|phone&#8221; global_colors_info=&#8221;{}&#8221; filter_opacity__hover_enabled=&#8221;off|desktop&#8221; filter_opacity__hover=&#8221;100%&#8221;][\/et_pb_image][\/et_pb_column][et_pb_column type=&#8221;1_4&#8243; _builder_version=&#8221;4.22.2&#8243; _module_preset=&#8221;default&#8221; custom_css_main_element=&#8221;width: 23%!important;&#8221; global_colors_info=&#8221;{}&#8221; custom_css_main_element_last_edited=&#8221;on|tablet&#8221; custom_css_main_element_tablet=&#8221;width: 30%!important;||display: flex;||align-items: flex-end!important;||&#8221; custom_css_main_element_phone=&#8221;width: 100%!important;&#8221;][et_pb_image src=&#8221;https:\/\/sintesis.wpenginepowered.com\/wp-content\/uploads\/2023\/10\/vene-300&#215;78.png&#8221; title_text=&#8221;vene&#8221; show_bottom_space=&#8221;off&#8221; _builder_version=&#8221;4.23.1&#8243; _module_preset=&#8221;default&#8221; width=&#8221;80%&#8221; global_colors_info=&#8221;{}&#8221; filter_opacity__hover_enabled=&#8221;off|desktop&#8221; filter_opacity__hover=&#8221;100%&#8221;][\/et_pb_image][\/et_pb_column][\/et_pb_row][\/et_pb_section]<\/p>","protected":false},"excerpt":{"rendered":"<p>Planes de suscripci\u00f3n - Particulares<span><span><a href=\"https:\/\/sintesisfinanciera.com\/es\/\">Inicio<\/a><\/span><\/span>\u00a0Incluye: La semana que viene (Semanal)Inflaci\u00f3n y tipos de cambio (Mensual)Alertas t\u00e1cticas v\u00eda WhatAppWebinar de actualizaci\u00f3n mensualD\u00e1ndole sentido a todo - Webinar (Trimestral) CONOZCA M\u00c1SNuestra Comunidad:<\/p>","protected":false},"author":2,"featured_media":0,"parent":0,"menu_order":0,"comment_status":"closed","ping_status":"closed","template":"","meta":{"_et_pb_use_builder":"on","_et_pb_old_content":"","_et_gb_content_width":"","footnotes":""},"class_list":["post-239145","page","type-page","status-publish","hentry"],"yoast_head":"<!-- This site is optimized with the Yoast SEO plugin v27.4 - https:\/\/yoast.com\/product\/yoast-seo-wordpress\/ -->\n<title>Subscription Plans - Individuals - S\u00edntesis Financiera<\/title>\n<meta name=\"robots\" content=\"index, follow, max-snippet:-1, max-image-preview:large, max-video-preview:-1\" \/>\n<link rel=\"canonical\" href=\"https:\/\/sintesisfinanciera.com\/es\/planes-de-suscripcion-particulares\/\" \/>\n<meta property=\"og:locale\" content=\"es_ES\" \/>\n<meta property=\"og:type\" content=\"article\" \/>\n<meta property=\"og:title\" content=\"Subscription Plans - Individuals - S\u00edntesis Financiera\" \/>\n<meta property=\"og:description\" content=\"Subscription Plans - Individuals\u00a0Includes: The week ahead (Weekly)Inflational &amp; Exchange Rate (Monthly)Tactical Alerts via WhatAppMonthly Update WebinarMaking Sense of It All - Webinar (Quarterly) LEARN MOREOur Community:\" \/>\n<meta property=\"og:url\" content=\"https:\/\/sintesisfinanciera.com\/es\/planes-de-suscripcion-particulares\/\" \/>\n<meta property=\"og:site_name\" content=\"S\u00edntesis Financiera\" \/>\n<meta property=\"article:modified_time\" content=\"2024-10-23T17:56:57+00:00\" \/>\n<meta name=\"twitter:card\" content=\"summary_large_image\" \/>\n<meta name=\"twitter:label1\" content=\"Tiempo estimado de lectura\" \/>\n\t<meta name=\"twitter:data1\" content=\"3 minutos\" \/>\n<script type=\"application\/ld+json\" class=\"yoast-schema-graph\">{\"@context\":\"https:\\\/\\\/schema.org\",\"@graph\":[{\"@type\":\"WebPage\",\"@id\":\"https:\\\/\\\/sintesisfinanciera.com\\\/subscription-plans-individuals\\\/\",\"url\":\"https:\\\/\\\/sintesisfinanciera.com\\\/subscription-plans-individuals\\\/\",\"name\":\"Subscription Plans - Individuals - S\u00edntesis Financiera\",\"isPartOf\":{\"@id\":\"https:\\\/\\\/sintesisfinanciera.com\\\/#website\"},\"datePublished\":\"2024-06-06T20:10:38+00:00\",\"dateModified\":\"2024-10-23T17:56:57+00:00\",\"breadcrumb\":{\"@id\":\"https:\\\/\\\/sintesisfinanciera.com\\\/subscription-plans-individuals\\\/#breadcrumb\"},\"inLanguage\":\"es\",\"potentialAction\":[{\"@type\":\"ReadAction\",\"target\":[\"https:\\\/\\\/sintesisfinanciera.com\\\/subscription-plans-individuals\\\/\"]}]},{\"@type\":\"BreadcrumbList\",\"@id\":\"https:\\\/\\\/sintesisfinanciera.com\\\/subscription-plans-individuals\\\/#breadcrumb\",\"itemListElement\":[{\"@type\":\"ListItem\",\"position\":1,\"name\":\"Home\",\"item\":\"https:\\\/\\\/sintesisfinanciera.com\\\/\"},{\"@type\":\"ListItem\",\"position\":2,\"name\":\"Subscription Plans &#8211; Individuals\"}]},{\"@type\":\"WebSite\",\"@id\":\"https:\\\/\\\/sintesisfinanciera.com\\\/#website\",\"url\":\"https:\\\/\\\/sintesisfinanciera.com\\\/\",\"name\":\"S\u00edntesis Financiera\",\"description\":\"\",\"publisher\":{\"@id\":\"https:\\\/\\\/sintesisfinanciera.com\\\/#organization\"},\"potentialAction\":[{\"@type\":\"SearchAction\",\"target\":{\"@type\":\"EntryPoint\",\"urlTemplate\":\"https:\\\/\\\/sintesisfinanciera.com\\\/?s={search_term_string}\"},\"query-input\":{\"@type\":\"PropertyValueSpecification\",\"valueRequired\":true,\"valueName\":\"search_term_string\"}}],\"inLanguage\":\"es\"},{\"@type\":\"Organization\",\"@id\":\"https:\\\/\\\/sintesisfinanciera.com\\\/#organization\",\"name\":\"S\u00edntesis Financiera\",\"url\":\"https:\\\/\\\/sintesisfinanciera.com\\\/\",\"logo\":{\"@type\":\"ImageObject\",\"inLanguage\":\"es\",\"@id\":\"https:\\\/\\\/sintesisfinanciera.com\\\/#\\\/schema\\\/logo\\\/image\\\/\",\"url\":\"https:\\\/\\\/sintesis.wpenginepowered.com\\\/wp-content\\\/uploads\\\/2023\\\/10\\\/SintesisFinanciera_Logo.svg\",\"contentUrl\":\"https:\\\/\\\/sintesis.wpenginepowered.com\\\/wp-content\\\/uploads\\\/2023\\\/10\\\/SintesisFinanciera_Logo.svg\",\"width\":1,\"height\":1,\"caption\":\"S\u00edntesis Financiera\"},\"image\":{\"@id\":\"https:\\\/\\\/sintesisfinanciera.com\\\/#\\\/schema\\\/logo\\\/image\\\/\"}}]}<\/script>\n<!-- \/ Yoast SEO plugin. -->","yoast_head_json":{"title":"Planes de suscripci\u00f3n - Particulares - S\u00edntesis Financiera","robots":{"index":"index","follow":"follow","max-snippet":"max-snippet:-1","max-image-preview":"max-image-preview:large","max-video-preview":"max-video-preview:-1"},"canonical":"https:\/\/sintesisfinanciera.com\/es\/planes-de-suscripcion-particulares\/","og_locale":"es_ES","og_type":"article","og_title":"Subscription Plans - Individuals - S\u00edntesis Financiera","og_description":"Subscription Plans - Individuals\u00a0Includes: The week ahead (Weekly)Inflational &amp; Exchange Rate (Monthly)Tactical Alerts via WhatAppMonthly Update WebinarMaking Sense of It All - Webinar (Quarterly) LEARN MOREOur Community:","og_url":"https:\/\/sintesisfinanciera.com\/es\/planes-de-suscripcion-particulares\/","og_site_name":"S\u00edntesis Financiera","article_modified_time":"2024-10-23T17:56:57+00:00","twitter_card":"summary_large_image","twitter_misc":{"Tiempo estimado de lectura":"3 minutos"},"schema":{"@context":"https:\/\/schema.org","@graph":[{"@type":"WebPage","@id":"https:\/\/sintesisfinanciera.com\/subscription-plans-individuals\/","url":"https:\/\/sintesisfinanciera.com\/subscription-plans-individuals\/","name":"Planes de suscripci\u00f3n - Particulares - S\u00edntesis Financiera","isPartOf":{"@id":"https:\/\/sintesisfinanciera.com\/#website"},"datePublished":"2024-06-06T20:10:38+00:00","dateModified":"2024-10-23T17:56:57+00:00","breadcrumb":{"@id":"https:\/\/sintesisfinanciera.com\/subscription-plans-individuals\/#breadcrumb"},"inLanguage":"es","potentialAction":[{"@type":"ReadAction","target":["https:\/\/sintesisfinanciera.com\/subscription-plans-individuals\/"]}]},{"@type":"BreadcrumbList","@id":"https:\/\/sintesisfinanciera.com\/subscription-plans-individuals\/#breadcrumb","itemListElement":[{"@type":"ListItem","position":1,"name":"Home","item":"https:\/\/sintesisfinanciera.com\/"},{"@type":"ListItem","position":2,"name":"Subscription Plans &#8211; Individuals"}]},{"@type":"WebSite","@id":"https:\/\/sintesisfinanciera.com\/#website","url":"https:\/\/sintesisfinanciera.com\/","name":"S\u00edntesis Financiera","description":"","publisher":{"@id":"https:\/\/sintesisfinanciera.com\/#organization"},"potentialAction":[{"@type":"SearchAction","target":{"@type":"EntryPoint","urlTemplate":"https:\/\/sintesisfinanciera.com\/?s={search_term_string}"},"query-input":{"@type":"PropertyValueSpecification","valueRequired":true,"valueName":"search_term_string"}}],"inLanguage":"es"},{"@type":"Organization","@id":"https:\/\/sintesisfinanciera.com\/#organization","name":"S\u00edntesis Financiera","url":"https:\/\/sintesisfinanciera.com\/","logo":{"@type":"ImageObject","inLanguage":"es","@id":"https:\/\/sintesisfinanciera.com\/#\/schema\/logo\/image\/","url":"https:\/\/sintesis.wpenginepowered.com\/wp-content\/uploads\/2023\/10\/SintesisFinanciera_Logo.svg","contentUrl":"https:\/\/sintesis.wpenginepowered.com\/wp-content\/uploads\/2023\/10\/SintesisFinanciera_Logo.svg","width":1,"height":1,"caption":"S\u00edntesis Financiera"},"image":{"@id":"https:\/\/sintesisfinanciera.com\/#\/schema\/logo\/image\/"}}]}},"_links":{"self":[{"href":"https:\/\/sintesisfinanciera.com\/es\/wp-json\/wp\/v2\/pages\/239145","targetHints":{"allow":["GET"]}}],"collection":[{"href":"https:\/\/sintesisfinanciera.com\/es\/wp-json\/wp\/v2\/pages"}],"about":[{"href":"https:\/\/sintesisfinanciera.com\/es\/wp-json\/wp\/v2\/types\/page"}],"author":[{"embeddable":true,"href":"https:\/\/sintesisfinanciera.com\/es\/wp-json\/wp\/v2\/users\/2"}],"replies":[{"embeddable":true,"href":"https:\/\/sintesisfinanciera.com\/es\/wp-json\/wp\/v2\/comments?post=239145"}],"version-history":[{"count":0,"href":"https:\/\/sintesisfinanciera.com\/es\/wp-json\/wp\/v2\/pages\/239145\/revisions"}],"wp:attachment":[{"href":"https:\/\/sintesisfinanciera.com\/es\/wp-json\/wp\/v2\/media?parent=239145"}],"curies":[{"name":"wp","href":"https:\/\/api.w.org\/{rel}","templated":true}]}}